{"id":25,"date":"2013-07-21T13:46:12","date_gmt":"2013-07-21T11:46:12","guid":{"rendered":"http:\/\/deutsches-kuratorium.de\/?page_id=25"},"modified":"2024-06-04T11:19:57","modified_gmt":"2024-06-04T09:19:57","slug":"mitgliederbetreuung","status":"publish","type":"page","link":"https:\/\/deutsches-kuratorium.de\/?page_id=25","title":{"rendered":"Mitglieder"},"content":{"rendered":"<p><span style=\"font-size: 12pt;\">Das Deutsche Kuratorium zur F\u00f6rderung von Wissenschaft, Bildung und Kultur e.V. mit Sitz in W\u00fcrzburg ist ein Zusammenschluss von Mitgliedern, welche die Wissenschaft, Bildung und Kultur gemeinn\u00fctzig f\u00f6rdern und unterst\u00fctzen wollen.<\/span><\/p>\n<p><span style=\"font-size: 12pt;\">Das Deutsche Kuratorium wurde vom Amtsgericht W\u00fcrzburg als rechtsf\u00e4higer Verein in das vorgesehene Register eingetragen. Das Finanzamt in Schweinfurt stellte die besondere F\u00f6rderw\u00fcrdigkeit und die Gemeinn\u00fctzigkeit fest.<\/span><\/p>\n<p><span style=\"font-size: 12pt;\">Alle Mitglieder entrichten einen Mitgliedsbeitrag, dieser wird einmal pro Jahr in Rechnung gestellt. Zur Zeit betr\u00e4gt der Mitgliedsbeitrag 36,- \u20ac. Zur Vorlage beim Finanzamt gilt bis 50,- \u20ac der abgestempelte Zahlungsbeleg.<\/span><\/p>\n<p><span style=\"font-size: 12pt;\">Mitglied im Deutschen Kuratorium kann werden:<\/span><\/p>\n<ul>\n<li><span style=\"font-size: 12pt;\">Jede nat\u00fcrliche Person, die das 18. Lebensjahr vollendet hat.<\/span><\/li>\n<li><span style=\"font-size: 12pt;\">Juristische Personen des privaten oder \u00f6ffentlichen Rechts.<\/span><\/li>\n<\/ul>\n<p><span style=\"font-size: 12pt;\">Ein Aufnahmeantrag ist schriftlich an den Vorstand zu stellen. Aufnahme oder Zur\u00fcckweisungen werden den Antragsteller schriftlich mitgeteilt.<\/span><\/p>\n<p><span style=\"font-size: 12pt;\">Die Mitgliedschaft ist nicht \u00fcbertragbar, sie endet durch Tod, Austritt oder Ausschluss. Der Austritt kann zum Ende eines Kalenderjahres erkl\u00e4rt werden. Er ist wirksam, wenn die Erkl\u00e4rung dem Vorstand bis sp\u00e4testens 30. November des Jahres vorliegt. (Zur Wahrung der Frist ist eine Einschreibesendung ratsam.)<\/span><\/p>\n<p><span style=\"font-size: 12pt;\">Einmal j\u00e4hrlich findet eine Mitgliederversammlung statt, der Vorstand leitet sie.<\/span><\/p>\n<p><span style=\"font-size: 12pt;\">F\u00f6rdermitglieder k\u00f6nnen in den unterschiedlichen Bereichen und Sparten f\u00fcr das Deutsche Kuratorium e.V. t\u00e4tig werden.<\/span><\/p>\n<p><span style=\"font-size: 12pt;\">Im \u00fcbrigen gelten die Bestimmungen der Vereinssatzung.<\/span><\/p>\n<p><span style=\"font-size: 12pt;\">Bei Interesse an einer Mitgliedschaft im Deutschen Kuratorium e.V. teilen Sie uns dies bitte per Post oder E-Mail mit.<\/span><\/p>\n<p><span style=\"font-size: 12pt;\">Wir \u00fcbersenden Ihnen umgehend ein entsprechendes Antragsformular, dieses erhalten Sie auf dem Postweg.<\/span><\/p>\n","protected":false},"excerpt":{"rendered":"<p>Das Deutsche Kuratorium zur F\u00f6rderung von Wissenschaft, Bildung und Kultur e.V. mit Sitz in W\u00fcrzburg ist ein Zusammenschluss von Mitgliedern, welche die Wissenschaft, Bildung und Kultur gemeinn\u00fctzig f\u00f6rdern und unterst\u00fctzen wollen. Das Deutsche Kuratorium wurde vom Amtsgericht W\u00fcrzburg als rechtsf\u00e4higer <a class=\"more-link\" href=\"https:\/\/deutsches-kuratorium.de\/?page_id=25\">Weiterlesen\u00a0\u2026<\/a><\/p>\n","protected":false},"author":1,"featured_media":0,"parent":0,"menu_order":0,"comment_status":"closed","ping_status":"closed","template":"","meta":{"footnotes":""},"class_list":["post-25","page","type-page","status-publish","hentry"],"_links":{"self":[{"href":"https:\/\/deutsches-kuratorium.de\/index.php?rest_route=\/wp\/v2\/pages\/25","targetHints":{"allow":["GET"]}}],"collection":[{"href":"https:\/\/deutsches-kuratorium.de\/index.php?rest_route=\/wp\/v2\/pages"}],"about":[{"href":"https:\/\/deutsches-kuratorium.de\/index.php?rest_route=\/wp\/v2\/types\/page"}],"author":[{"embeddable":true,"href":"https:\/\/deutsches-kuratorium.de\/index.php?rest_route=\/wp\/v2\/users\/1"}],"replies":[{"embeddable":true,"href":"https:\/\/deutsches-kuratorium.de\/index.php?rest_route=%2Fwp%2Fv2%2Fcomments&post=25"}],"version-history":[{"count":7,"href":"https:\/\/deutsches-kuratorium.de\/index.php?rest_route=\/wp\/v2\/pages\/25\/revisions"}],"predecessor-version":[{"id":204,"href":"https:\/\/deutsches-kuratorium.de\/index.php?rest_route=\/wp\/v2\/pages\/25\/revisions\/204"}],"wp:attachment":[{"href":"https:\/\/deutsches-kuratorium.de\/index.php?rest_route=%2Fwp%2Fv2%2Fmedia&parent=25"}],"curies":[{"name":"wp","href":"https:\/\/api.w.org\/{rel}","templated":true}]}}