{"id":20,"date":"2013-07-21T13:45:04","date_gmt":"2013-07-21T11:45:04","guid":{"rendered":"http:\/\/deutsches-kuratorium.de\/?page_id=20"},"modified":"2024-06-04T10:34:25","modified_gmt":"2024-06-04T08:34:25","slug":"aufgabenziele","status":"publish","type":"page","link":"https:\/\/deutsches-kuratorium.de\/?page_id=20","title":{"rendered":"Aufgaben\/Ziele"},"content":{"rendered":"<p><span style=\"font-size: 12pt;\">Das Deutsche Kuratorium zur F\u00f6rderung von Wissenschaft, Bildung und Kultur e.V. ist ein Zusammenschluss von Mitgliedern, welche die Wissenschaft, Bildung und Kultur in den unterschiedlichen Formen f\u00f6rdern und unterst\u00fctzen.<\/span><\/p>\n<ul>\n<li><span style=\"font-size: 12pt;\">Das Deutsche Kuratorium e.V. ist selbstlos t\u00e4tig.<\/span><\/li>\n<li><span style=\"font-size: 12pt;\">Es verfolgt ausschlie\u00dflich und unmittelbar gemeinn\u00fctzige Zwecke im Sinne der Abgabenordnung.<\/span><\/li>\n<\/ul>\n<p><span style=\"font-size: 12pt;\">\u00a0Zweck und Aufgaben des Deutschen Kuratoriums sind:<\/span><\/p>\n<ul>\n<li><span style=\"font-size: 12pt;\">Die F\u00f6rderung von Volks-, Jugend \u2013 und Berufsbildung z.B. Bildungsveranstaltungen, Seminararbeit u.a.<\/span><\/li>\n<li><span style=\"font-size: 12pt;\">Die F\u00f6rderung der Kultur in allen m\u00f6glichen Formen z.B. Denkmalpflege,\u00a0museale T\u00e4tigkeiten, Gedenkst\u00e4ttenarbeit u.a.<\/span><\/li>\n<li><span style=\"font-size: 12pt;\">Die F\u00f6rderung und Unterst\u00fctzung der Wissenschaft z.B. Forschungsstudien, Dokumentararbeit, Feldforschungen u.a.<\/span><\/li>\n<\/ul>\n<p><span style=\"font-size: 12pt;\">Das Deutsche Kuratorium e.V., welches am 7. Februar 1987 gegr\u00fcndet worden ist, wurde am 18. Mai 1987 beim Amtsgericht in W\u00fcrzburg als eingetragener Verein in das Vereinsregister beurkundet.<\/span><\/p>\n<p><span style=\"font-size: 12pt;\">Der eingetragene Verein dient ausschlie\u00dflich der Volks-, Jugend und Berufsausbildung und ist durch das Finanzamt Schweinfurt als gemeinn\u00fctzig und besonders f\u00f6rderungsw\u00fcrdig anerkannt.<\/span><\/p>\n<p><span style=\"font-size: 12pt;\">Das Deutsche Kuratorium e.V. nimmt keine staatlichen oder politischen F\u00f6rdergelder, Steuergelder oder Subventionen in Anspruch.<\/span><\/p>\n<p><span style=\"font-size: 12pt;\">Alle Mitglieder des Deutschen Kuratoriums zur F\u00f6rderung von Wissenschaft, Bildung und Kultur e.V. sind ehrenamtlich t\u00e4tig.<\/span><\/p>\n<p><span style=\"font-size: 12pt;\">Das Deutsche Kuratorium e.V. verfolgt keine politischen, konfessionellen oder beruflichen Zwecke.<\/span><\/p>\n","protected":false},"excerpt":{"rendered":"<p>Das Deutsche Kuratorium zur F\u00f6rderung von Wissenschaft, Bildung und Kultur e.V. ist ein Zusammenschluss von Mitgliedern, welche die Wissenschaft, Bildung und Kultur in den unterschiedlichen Formen f\u00f6rdern und unterst\u00fctzen. Das Deutsche Kuratorium e.V. ist selbstlos t\u00e4tig. Es verfolgt ausschlie\u00dflich und <a class=\"more-link\" href=\"https:\/\/deutsches-kuratorium.de\/?page_id=20\">Weiterlesen\u00a0\u2026<\/a><\/p>\n","protected":false},"author":1,"featured_media":0,"parent":0,"menu_order":0,"comment_status":"closed","ping_status":"closed","template":"","meta":{"footnotes":""},"class_list":["post-20","page","type-page","status-publish","hentry"],"_links":{"self":[{"href":"https:\/\/deutsches-kuratorium.de\/index.php?rest_route=\/wp\/v2\/pages\/20","targetHints":{"allow":["GET"]}}],"collection":[{"href":"https:\/\/deutsches-kuratorium.de\/index.php?rest_route=\/wp\/v2\/pages"}],"about":[{"href":"https:\/\/deutsches-kuratorium.de\/index.php?rest_route=\/wp\/v2\/types\/page"}],"author":[{"embeddable":true,"href":"https:\/\/deutsches-kuratorium.de\/index.php?rest_route=\/wp\/v2\/users\/1"}],"replies":[{"embeddable":true,"href":"https:\/\/deutsches-kuratorium.de\/index.php?rest_route=%2Fwp%2Fv2%2Fcomments&post=20"}],"version-history":[{"count":8,"href":"https:\/\/deutsches-kuratorium.de\/index.php?rest_route=\/wp\/v2\/pages\/20\/revisions"}],"predecessor-version":[{"id":198,"href":"https:\/\/deutsches-kuratorium.de\/index.php?rest_route=\/wp\/v2\/pages\/20\/revisions\/198"}],"wp:attachment":[{"href":"https:\/\/deutsches-kuratorium.de\/index.php?rest_route=%2Fwp%2Fv2%2Fmedia&parent=20"}],"curies":[{"name":"wp","href":"https:\/\/api.w.org\/{rel}","templated":true}]}}